{"id":85308,"date":"2024-06-19T14:38:36","date_gmt":"2024-06-19T14:38:36","guid":{"rendered":"https:\/\/instrumentatie.ro\/product\/uncategorized\/ametek-calibratoare-de-temperatura-seria-ptc\/"},"modified":"2025-08-12T14:21:07","modified_gmt":"2025-08-12T14:21:07","slug":"ametek-calibratoare-de-temperatura-seria-ptc","status":"publish","type":"product","link":"https:\/\/instrumentatie.ro\/en\/product\/calibration-instruments\/temperature-calibrators\/ametek-calibratoare-de-temperatura-seria-ptc\/","title":{"rendered":"Temperature Calibrators AMETEK PTC Series"},"content":{"rendered":"<div class=\"wpb-content-wrapper\"><p>[vc_row][vc_column width=&#8221;1\/1&#8243;][vc_column_text]<\/p>\n<table width=\"586\">\n<tbody>\n<tr>\n<td colspan=\"2\" width=\"586\"><strong>Basic technical characteristics of the PTC series Calibrators<\/strong><\/td>\n<\/tr>\n<tr>\n<td width=\"274\">Temperature range<\/td>\n<td width=\"312\">from<strong>-90 to +660\u00b0C<\/strong>(from (-130 to 1220\u00b0F) with 5 models available<\/td>\n<\/tr>\n<tr>\n<td width=\"274\">Calibrator accuracy across the entire range<\/td>\n<td width=\"312\"><strong>\u00b1 0.06\u00b0C<\/strong>\/ \u00b1 0.11\u00b0F for 12 months of continuous operation<\/td>\n<\/tr>\n<tr>\n<td width=\"274\">Stability<\/td>\n<td width=\"312\"><strong>\u00b1 0.01\u00b0C<\/strong><\/td>\n<\/tr>\n<tr>\n<td width=\"274\">Radial homogeneity<\/td>\n<td width=\"312\"><strong>0.01 \u00b0C<\/strong><\/td>\n<\/tr>\n<tr>\n<td width=\"274\">Axial homogeneity<\/td>\n<td width=\"312\"><strong>0.01 \u00b0C<\/strong><\/td>\n<\/tr>\n<tr>\n<td width=\"274\">Available variants<\/td>\n<td width=\"312\">With dry block<\/td>\n<\/tr>\n<tr>\n<td width=\"274\">Resolution at all temperatures-user selectable<\/td>\n<td width=\"312\">1\u00b0; 0.1\u00b0; 0.01\u00b0.<\/td>\n<\/tr>\n<tr>\n<td width=\"274\">STS sensor temperature measurement block, tested sensors (built-in).<\/td>\n<td width=\"312\">Accuracy (over 12 months): +\/- 0.003% rdg.<\/td>\n<\/tr>\n<tr>\n<td width=\"274\">STS Reference Sensor Accuracy:<\/td>\n<td width=\"312\">\n<p>Stability +\/- 0.014\u00b0Cfor 12 months<\/p>\n<p>Repeatability 0.004 \u00b0C<\/p>\n<p>Hysteresis 0.01\u00b0C<\/td>\n<\/tr>\n<tr>\n<td width=\"274\">Sensor immersion depth in insert<\/td>\n<td width=\"312\">160mm<\/td>\n<\/tr>\n<tr>\n<td width=\"274\">\n<p>Integrated block measurement inputs<\/p>\n<p>&nbsp;<\/td>\n<td width=\"312\">RTD resistance thermometers (2,3,4 wires) andTC thermocouples all standard types, transmitters and thermostats (switch test).<\/td>\n<\/tr>\n<tr>\n<td width=\"274\">Display<\/td>\n<td width=\"312\">Full color<\/td>\n<\/tr>\n<tr>\n<td width=\"274\">Keyboard<\/td>\n<td width=\"312\">Integrated, intuitive, temperature setting and calibrator parameterization, work-list planning<\/td>\n<\/tr>\n<tr>\n<td width=\"274\">Power consumption:<\/td>\n<td width=\"312\">400 W- 1150 VA<\/td>\n<\/tr>\n<tr>\n<td width=\"274\">Masscalibrator<\/td>\n<td width=\"312\">8.2-10.3kg<\/td>\n<\/tr>\n<\/tbody>\n<\/table>\n<table width=\"477\">\n<tbody>\n<tr>\n<td width=\"194\"><strong>AVAILABLE MODELS<\/strong><\/td>\n<td width=\"168\"><strong>MEASUREMENT BLOCK<\/strong><\/td>\n<td width=\"115\"><strong>TEMPERATURE RANGE<\/strong><\/td>\n<\/tr>\n<tr>\n<td width=\"194\">\n<p><strong>PTC-125 &#8211;<\/strong>Cooler<\/p>\n<p>&nbsp;<\/td>\n<td width=\"168\">Dry block<\/td>\n<td width=\"115\">&#8211; 90\u2026+125 \u00b0C<\/td>\n<\/tr>\n<tr>\n<td width=\"194\"><strong>PTC-155<\/strong><\/td>\n<td width=\"168\">Dry block<\/td>\n<td width=\"115\">-25\u2026+155 \u00b0C<\/td>\n<\/tr>\n<tr>\n<td width=\"194\"><strong>PTC-350<\/strong><\/td>\n<td width=\"168\">Dry block<\/td>\n<td width=\"115\">+33\u2026+350 \u00b0C<\/td>\n<\/tr>\n<tr>\n<td width=\"194\"><strong>PTC-425<\/strong><\/td>\n<td width=\"168\">Dry block<\/td>\n<td width=\"115\">+33\u2026+425 \u00b0C<\/td>\n<\/tr>\n<tr>\n<td width=\"194\"><strong>PTC-660<\/strong><\/td>\n<td width=\"168\">Dry block<\/td>\n<td width=\"115\">+33\u2026+660 \u00b0C<\/td>\n<\/tr>\n<\/tbody>\n<\/table>\n<p>[\/vc_column_text][\/vc_column][\/vc_row][vc_row][vc_column column_width_percent=&#8221;100&#8243; position_vertical=&#8221;middle&#8221; align_horizontal=&#8221;align_center&#8221; gutter_size=&#8221;3&#8243; overlay_alpha=&#8221;50&#8243; shift_x=&#8221;0&#8243; shift_y=&#8221;0&#8243; shift_y_down=&#8221;0&#8243; z_index=&#8221;0&#8243; medium_width=&#8221;0&#8243; mobile_width=&#8221;0&#8243; width=&#8221;1\/1&#8243; uncode_shortcode_id=&#8221;517057&#8243;][vc_button button_color=&#8221;color-731899&#8243; border_width=&#8221;0&#8243; link=&#8221;url:https%3A%2F%2Fwww.ametekcalibration.com%2F-%2Fmedia%2Fametekcalibration%2Fdownload_links%2Ftemperature%2Fptc%2Fprofessional-temperature-calibrator-ptc-155-350-425-660-datasheet-us.pdf%3Fla%3Den%26revision%3D870ec1f1-8194-4333-a7f8-f4b4744a0f6f|target:_blank&#8221; button_color_type=&#8221;uncode-palette&#8221; uncode_shortcode_id=&#8221;664108&#8243;]DATA SHEET[\/vc_button][\/vc_column][\/vc_row]<\/p>\n<\/div>","protected":false},"excerpt":{"rendered":"<p>The PTC series portable temperature calibrator combines laboratory features such as a wide temperature range, high accuracy, stability and speed with Ametek&#8217;s well-known and long-standing quality and reliability, in a single industrial calibrator. Three temperature calibrator models (A;B;C) are available for each type, from a basic unit to a complete model including signal inputs and external reference sensor.<\/p>\n<p>The PTC series calibrator features dual-zone active temperature control, which provides excellent temperature homogeneity in the thermal block and insert.<\/p>\n<p>Automatic calibration function (auto-step) in 20 temperature points, controlled locally or remotely by PC through the JofraCal application.<\/p>\n<p>Through the JofraCal Ametek PC software application, Calibration Certificates can be automatically issued and databases can be created with records of all tested sensors.<\/p>\n<p>ADVANTAGES:<\/p>\n<ul>\n<li>\u2022 Temperature range from -90 to 660\u00b0C (-130 to 1220\u00b0F) with 5 models available.<br \/>\n\u2022 Accuracy at \u00b1 0.06\u00b0C and Stability at \u00b1 0.01\u00b0C<br \/>\n\u2022 clean dry block calibrator<br \/>\n\u2022 Time-saving fast cooling and heating time (350\u00b0 in just 7 minutes)<br \/>\n\u2022 Smart reference sensors \u201cPlugand Play\u201d.Type STS<br \/>\n\u2022 Easy-to-read color display<br \/>\n\u2022 Intuitive keyboard navigation, fast and easy to use<br \/>\n\u2022 Lightweight and easy to transport to site<br \/>\n\u2022 Insert sets with multiple calibrated holes<br \/>\n\u2022 JofraCal calibration software installed on the PC.<br \/>\n\u2022 Inputs for calibration of resistance thermometers and thermocouples<br \/>\n\u2022 MVI (Mains power Variance Immunity) circuit ensures stability despite supply voltage variations<\/li>\n<\/ul>\n","protected":false},"featured_media":83558,"template":"","meta":[],"product_brand":[],"product_cat":[90,146],"product_tag":[],"market":[261,262,113,115,114,116],"class_list":{"0":"post-85308","1":"product","2":"type-product","3":"status-publish","4":"has-post-thumbnail","6":"product_cat-calibration-instruments","7":"product_cat-temperature-calibrators","8":"market-industria-alimentara-en","9":"market-industria-farmaceutica-en","10":"market-oil-gas","11":"market-power-industry","12":"market-process-and-chemical-industry","13":"market-water-environment","15":"first","16":"instock","17":"shipping-taxable","18":"product-type-simple"},"yoast_head":"<!-- This site is optimized with the Yoast SEO plugin v27.4 - https:\/\/yoast.com\/product\/yoast-seo-wordpress\/ -->\n<title>Temperature Calibrators AMETEK PTC Series - Instrumentatie<\/title>\n<meta name=\"description\" content=\"CALIBRATOARE DE TEMPERATURA AMETEK SERIA PTC dispun de un control activ al temperaturii cu dou\u0103 zone, care ofer\u0103 o omogenitate excelent\u0103 a temperaturii.\" \/>\n<meta name=\"robots\" content=\"index, follow, max-snippet:-1, max-image-preview:large, max-video-preview:-1\" \/>\n<link rel=\"canonical\" href=\"https:\/\/instrumentatie.ro\/en\/product\/calibration-instruments\/temperature-calibrators\/ametek-calibratoare-de-temperatura-seria-ptc\/\" \/>\n<meta property=\"og:locale\" content=\"en_US\" \/>\n<meta property=\"og:type\" content=\"article\" \/>\n<meta property=\"og:title\" content=\"Temperature Calibrators AMETEK PTC Series - Instrumentatie\" \/>\n<meta property=\"og:description\" content=\"CALIBRATOARE DE TEMPERATURA AMETEK SERIA PTC dispun de un control activ al temperaturii cu dou\u0103 zone, care ofer\u0103 o omogenitate excelent\u0103 a temperaturii.\" \/>\n<meta property=\"og:url\" content=\"https:\/\/instrumentatie.ro\/en\/product\/calibration-instruments\/temperature-calibrators\/ametek-calibratoare-de-temperatura-seria-ptc\/\" \/>\n<meta property=\"og:site_name\" content=\"Instrumentatie\" \/>\n<meta property=\"article:publisher\" content=\"https:\/\/www.facebook.com\/instrumentatie.ro\" \/>\n<meta property=\"article:modified_time\" content=\"2025-08-12T14:21:07+00:00\" \/>\n<meta property=\"og:image\" content=\"https:\/\/instrumentatie.ro\/wp-content\/uploads\/2024\/06\/Picture1.png\" \/>\n\t<meta property=\"og:image:width\" content=\"961\" \/>\n\t<meta property=\"og:image:height\" content=\"541\" \/>\n\t<meta property=\"og:image:type\" content=\"image\/png\" \/>\n<meta name=\"twitter:card\" content=\"summary_large_image\" \/>\n<meta name=\"twitter:label1\" content=\"Est. reading time\" \/>\n\t<meta name=\"twitter:data1\" content=\"2 minutes\" \/>\n<script type=\"application\/ld+json\" class=\"yoast-schema-graph\">{\"@context\":\"https:\\\/\\\/schema.org\",\"@graph\":[{\"@type\":\"WebPage\",\"@id\":\"https:\\\/\\\/instrumentatie.ro\\\/en\\\/product\\\/calibration-instruments\\\/temperature-calibrators\\\/ametek-calibratoare-de-temperatura-seria-ptc\\\/\",\"url\":\"https:\\\/\\\/instrumentatie.ro\\\/en\\\/product\\\/calibration-instruments\\\/temperature-calibrators\\\/ametek-calibratoare-de-temperatura-seria-ptc\\\/\",\"name\":\"Temperature Calibrators AMETEK PTC Series - Instrumentatie\",\"isPartOf\":{\"@id\":\"https:\\\/\\\/instrumentatie.ro\\\/#website\"},\"primaryImageOfPage\":{\"@id\":\"https:\\\/\\\/instrumentatie.ro\\\/en\\\/product\\\/calibration-instruments\\\/temperature-calibrators\\\/ametek-calibratoare-de-temperatura-seria-ptc\\\/#primaryimage\"},\"image\":{\"@id\":\"https:\\\/\\\/instrumentatie.ro\\\/en\\\/product\\\/calibration-instruments\\\/temperature-calibrators\\\/ametek-calibratoare-de-temperatura-seria-ptc\\\/#primaryimage\"},\"thumbnailUrl\":\"https:\\\/\\\/instrumentatie.ro\\\/wp-content\\\/uploads\\\/2024\\\/06\\\/Picture1.png\",\"datePublished\":\"2024-06-19T14:38:36+00:00\",\"dateModified\":\"2025-08-12T14:21:07+00:00\",\"description\":\"CALIBRATOARE DE TEMPERATURA AMETEK SERIA PTC dispun de un control activ al temperaturii cu dou\u0103 zone, care ofer\u0103 o omogenitate excelent\u0103 a temperaturii.\",\"breadcrumb\":{\"@id\":\"https:\\\/\\\/instrumentatie.ro\\\/en\\\/product\\\/calibration-instruments\\\/temperature-calibrators\\\/ametek-calibratoare-de-temperatura-seria-ptc\\\/#breadcrumb\"},\"inLanguage\":\"en-US\",\"potentialAction\":[{\"@type\":\"ReadAction\",\"target\":[\"https:\\\/\\\/instrumentatie.ro\\\/en\\\/product\\\/calibration-instruments\\\/temperature-calibrators\\\/ametek-calibratoare-de-temperatura-seria-ptc\\\/\"]}]},{\"@type\":\"ImageObject\",\"inLanguage\":\"en-US\",\"@id\":\"https:\\\/\\\/instrumentatie.ro\\\/en\\\/product\\\/calibration-instruments\\\/temperature-calibrators\\\/ametek-calibratoare-de-temperatura-seria-ptc\\\/#primaryimage\",\"url\":\"https:\\\/\\\/instrumentatie.ro\\\/wp-content\\\/uploads\\\/2024\\\/06\\\/Picture1.png\",\"contentUrl\":\"https:\\\/\\\/instrumentatie.ro\\\/wp-content\\\/uploads\\\/2024\\\/06\\\/Picture1.png\",\"width\":961,\"height\":541,\"caption\":\"CALIBRATOARE DE TEMPERATURA AMETEK SERIA PTC\"},{\"@type\":\"BreadcrumbList\",\"@id\":\"https:\\\/\\\/instrumentatie.ro\\\/en\\\/product\\\/calibration-instruments\\\/temperature-calibrators\\\/ametek-calibratoare-de-temperatura-seria-ptc\\\/#breadcrumb\",\"itemListElement\":[{\"@type\":\"ListItem\",\"position\":1,\"name\":\"Home\",\"item\":\"https:\\\/\\\/instrumentatie.ro\\\/en\\\/\"},{\"@type\":\"ListItem\",\"position\":2,\"name\":\"Products\",\"item\":\"https:\\\/\\\/instrumentatie.ro\\\/en\\\/products\\\/\"},{\"@type\":\"ListItem\",\"position\":3,\"name\":\"Temperature Calibrators AMETEK PTC Series\"}]},{\"@type\":\"WebSite\",\"@id\":\"https:\\\/\\\/instrumentatie.ro\\\/#website\",\"url\":\"https:\\\/\\\/instrumentatie.ro\\\/\",\"name\":\"Instrumentatie\",\"description\":\"\",\"publisher\":{\"@id\":\"https:\\\/\\\/instrumentatie.ro\\\/#organization\"},\"potentialAction\":[{\"@type\":\"SearchAction\",\"target\":{\"@type\":\"EntryPoint\",\"urlTemplate\":\"https:\\\/\\\/instrumentatie.ro\\\/?s={search_term_string}\"},\"query-input\":{\"@type\":\"PropertyValueSpecification\",\"valueRequired\":true,\"valueName\":\"search_term_string\"}}],\"inLanguage\":\"en-US\"},{\"@type\":\"Organization\",\"@id\":\"https:\\\/\\\/instrumentatie.ro\\\/#organization\",\"name\":\"RO INSTRUMART SRL\",\"alternateName\":\"Instrumentatie.ro\",\"url\":\"https:\\\/\\\/instrumentatie.ro\\\/\",\"logo\":{\"@type\":\"ImageObject\",\"inLanguage\":\"en-US\",\"@id\":\"https:\\\/\\\/instrumentatie.ro\\\/#\\\/schema\\\/logo\\\/image\\\/\",\"url\":\"https:\\\/\\\/instrumentatie.ro\\\/wp-content\\\/uploads\\\/2019\\\/05\\\/logo-footer.png\",\"contentUrl\":\"https:\\\/\\\/instrumentatie.ro\\\/wp-content\\\/uploads\\\/2019\\\/05\\\/logo-footer.png\",\"width\":500,\"height\":250,\"caption\":\"RO INSTRUMART SRL\"},\"image\":{\"@id\":\"https:\\\/\\\/instrumentatie.ro\\\/#\\\/schema\\\/logo\\\/image\\\/\"},\"sameAs\":[\"https:\\\/\\\/www.facebook.com\\\/instrumentatie.ro\",\"https:\\\/\\\/www.linkedin.com\\\/company\\\/27232275\"]}]}<\/script>\n<!-- \/ Yoast SEO plugin. -->","yoast_head_json":{"title":"Temperature Calibrators AMETEK PTC Series - Instrumentatie","description":"CALIBRATOARE DE TEMPERATURA AMETEK SERIA PTC dispun de un control activ al temperaturii cu dou\u0103 zone, care ofer\u0103 o omogenitate excelent\u0103 a temperaturii.","robots":{"index":"index","follow":"follow","max-snippet":"max-snippet:-1","max-image-preview":"max-image-preview:large","max-video-preview":"max-video-preview:-1"},"canonical":"https:\/\/instrumentatie.ro\/en\/product\/calibration-instruments\/temperature-calibrators\/ametek-calibratoare-de-temperatura-seria-ptc\/","og_locale":"en_US","og_type":"article","og_title":"Temperature Calibrators AMETEK PTC Series - Instrumentatie","og_description":"CALIBRATOARE DE TEMPERATURA AMETEK SERIA PTC dispun de un control activ al temperaturii cu dou\u0103 zone, care ofer\u0103 o omogenitate excelent\u0103 a temperaturii.","og_url":"https:\/\/instrumentatie.ro\/en\/product\/calibration-instruments\/temperature-calibrators\/ametek-calibratoare-de-temperatura-seria-ptc\/","og_site_name":"Instrumentatie","article_publisher":"https:\/\/www.facebook.com\/instrumentatie.ro","article_modified_time":"2025-08-12T14:21:07+00:00","og_image":[{"width":961,"height":541,"url":"https:\/\/instrumentatie.ro\/wp-content\/uploads\/2024\/06\/Picture1.png","type":"image\/png"}],"twitter_card":"summary_large_image","twitter_misc":{"Est. reading time":"2 minutes"},"schema":{"@context":"https:\/\/schema.org","@graph":[{"@type":"WebPage","@id":"https:\/\/instrumentatie.ro\/en\/product\/calibration-instruments\/temperature-calibrators\/ametek-calibratoare-de-temperatura-seria-ptc\/","url":"https:\/\/instrumentatie.ro\/en\/product\/calibration-instruments\/temperature-calibrators\/ametek-calibratoare-de-temperatura-seria-ptc\/","name":"Temperature Calibrators AMETEK PTC Series - Instrumentatie","isPartOf":{"@id":"https:\/\/instrumentatie.ro\/#website"},"primaryImageOfPage":{"@id":"https:\/\/instrumentatie.ro\/en\/product\/calibration-instruments\/temperature-calibrators\/ametek-calibratoare-de-temperatura-seria-ptc\/#primaryimage"},"image":{"@id":"https:\/\/instrumentatie.ro\/en\/product\/calibration-instruments\/temperature-calibrators\/ametek-calibratoare-de-temperatura-seria-ptc\/#primaryimage"},"thumbnailUrl":"https:\/\/instrumentatie.ro\/wp-content\/uploads\/2024\/06\/Picture1.png","datePublished":"2024-06-19T14:38:36+00:00","dateModified":"2025-08-12T14:21:07+00:00","description":"CALIBRATOARE DE TEMPERATURA AMETEK SERIA PTC dispun de un control activ al temperaturii cu dou\u0103 zone, care ofer\u0103 o omogenitate excelent\u0103 a temperaturii.","breadcrumb":{"@id":"https:\/\/instrumentatie.ro\/en\/product\/calibration-instruments\/temperature-calibrators\/ametek-calibratoare-de-temperatura-seria-ptc\/#breadcrumb"},"inLanguage":"en-US","potentialAction":[{"@type":"ReadAction","target":["https:\/\/instrumentatie.ro\/en\/product\/calibration-instruments\/temperature-calibrators\/ametek-calibratoare-de-temperatura-seria-ptc\/"]}]},{"@type":"ImageObject","inLanguage":"en-US","@id":"https:\/\/instrumentatie.ro\/en\/product\/calibration-instruments\/temperature-calibrators\/ametek-calibratoare-de-temperatura-seria-ptc\/#primaryimage","url":"https:\/\/instrumentatie.ro\/wp-content\/uploads\/2024\/06\/Picture1.png","contentUrl":"https:\/\/instrumentatie.ro\/wp-content\/uploads\/2024\/06\/Picture1.png","width":961,"height":541,"caption":"CALIBRATOARE DE TEMPERATURA AMETEK SERIA PTC"},{"@type":"BreadcrumbList","@id":"https:\/\/instrumentatie.ro\/en\/product\/calibration-instruments\/temperature-calibrators\/ametek-calibratoare-de-temperatura-seria-ptc\/#breadcrumb","itemListElement":[{"@type":"ListItem","position":1,"name":"Home","item":"https:\/\/instrumentatie.ro\/en\/"},{"@type":"ListItem","position":2,"name":"Products","item":"https:\/\/instrumentatie.ro\/en\/products\/"},{"@type":"ListItem","position":3,"name":"Temperature Calibrators AMETEK PTC Series"}]},{"@type":"WebSite","@id":"https:\/\/instrumentatie.ro\/#website","url":"https:\/\/instrumentatie.ro\/","name":"Instrumentatie","description":"","publisher":{"@id":"https:\/\/instrumentatie.ro\/#organization"},"potentialAction":[{"@type":"SearchAction","target":{"@type":"EntryPoint","urlTemplate":"https:\/\/instrumentatie.ro\/?s={search_term_string}"},"query-input":{"@type":"PropertyValueSpecification","valueRequired":true,"valueName":"search_term_string"}}],"inLanguage":"en-US"},{"@type":"Organization","@id":"https:\/\/instrumentatie.ro\/#organization","name":"RO INSTRUMART SRL","alternateName":"Instrumentatie.ro","url":"https:\/\/instrumentatie.ro\/","logo":{"@type":"ImageObject","inLanguage":"en-US","@id":"https:\/\/instrumentatie.ro\/#\/schema\/logo\/image\/","url":"https:\/\/instrumentatie.ro\/wp-content\/uploads\/2019\/05\/logo-footer.png","contentUrl":"https:\/\/instrumentatie.ro\/wp-content\/uploads\/2019\/05\/logo-footer.png","width":500,"height":250,"caption":"RO INSTRUMART SRL"},"image":{"@id":"https:\/\/instrumentatie.ro\/#\/schema\/logo\/image\/"},"sameAs":["https:\/\/www.facebook.com\/instrumentatie.ro","https:\/\/www.linkedin.com\/company\/27232275"]}]}},"_links":{"self":[{"href":"https:\/\/instrumentatie.ro\/en\/wp-json\/wp\/v2\/product\/85308","targetHints":{"allow":["GET"]}}],"collection":[{"href":"https:\/\/instrumentatie.ro\/en\/wp-json\/wp\/v2\/product"}],"about":[{"href":"https:\/\/instrumentatie.ro\/en\/wp-json\/wp\/v2\/types\/product"}],"wp:featuredmedia":[{"embeddable":true,"href":"https:\/\/instrumentatie.ro\/en\/wp-json\/wp\/v2\/media\/83558"}],"wp:attachment":[{"href":"https:\/\/instrumentatie.ro\/en\/wp-json\/wp\/v2\/media?parent=85308"}],"wp:term":[{"taxonomy":"product_brand","embeddable":true,"href":"https:\/\/instrumentatie.ro\/en\/wp-json\/wp\/v2\/product_brand?post=85308"},{"taxonomy":"product_cat","embeddable":true,"href":"https:\/\/instrumentatie.ro\/en\/wp-json\/wp\/v2\/product_cat?post=85308"},{"taxonomy":"product_tag","embeddable":true,"href":"https:\/\/instrumentatie.ro\/en\/wp-json\/wp\/v2\/product_tag?post=85308"},{"taxonomy":"market","embeddable":true,"href":"https:\/\/instrumentatie.ro\/en\/wp-json\/wp\/v2\/market?post=85308"}],"curies":[{"name":"wp","href":"https:\/\/api.w.org\/{rel}","templated":true}]}}