{"id":85313,"date":"2024-06-14T08:58:47","date_gmt":"2024-06-14T08:58:47","guid":{"rendered":"https:\/\/instrumentatie.ro\/product\/uncategorized\/calibratoare-de-temperatura-ametek-seria-rtc\/"},"modified":"2025-08-12T14:39:19","modified_gmt":"2025-08-12T14:39:19","slug":"calibratoare-de-temperatura-ametek-seria-rtc","status":"publish","type":"product","link":"https:\/\/instrumentatie.ro\/en\/product\/calibration-instruments\/temperature-calibrators\/calibratoare-de-temperatura-ametek-seria-rtc\/","title":{"rendered":"Temperature Calibrators AMETEK RTC Series"},"content":{"rendered":"<div class=\"wpb-content-wrapper\"><p>[vc_row][vc_column width=&#8221;1\/1&#8243;][vc_column_text]<\/p>\n<table width=\"586\">\n<tbody>\n<tr>\n<td colspan=\"2\" width=\"586\"><strong>Basic technical characteristics of the RTC series Calibrators<\/strong><\/td>\n<\/tr>\n<tr>\n<td width=\"274\">Temperature range<\/td>\n<td width=\"312\">from<strong>-100 to +700\u00b0C<\/strong>(from -148 to 1292\u00b0F) with 7 models available<\/td>\n<\/tr>\n<tr>\n<td width=\"274\">Calibrator Accuracy<\/td>\n<td width=\"312\"><strong>\u00b1 0.04\u00b0C<\/strong><\/td>\n<\/tr>\n<tr>\n<td width=\"274\">Stability<\/td>\n<td width=\"312\"><strong>\u00b1 0.005\u00b0C<\/strong><\/td>\n<\/tr>\n<tr>\n<td width=\"274\">Radial homogeneity<\/td>\n<td width=\"312\"><strong>0.01 \u00b0C<\/strong><\/td>\n<\/tr>\n<tr>\n<td width=\"274\">Axial homogeneity<\/td>\n<td width=\"312\"><strong>0.01 \u00b0C<\/strong><\/td>\n<\/tr>\n<tr>\n<td width=\"274\">Available variants<\/td>\n<td width=\"312\">Dry block and liquid bath \/ combined<\/td>\n<\/tr>\n<tr>\n<td width=\"274\">Resolution at all temperatures-user selectable<\/td>\n<td width=\"312\">1\u00b0; 0.1\u00b0; 0.01\u00b0; 0.001\u00b0<\/td>\n<\/tr>\n<tr>\n<td width=\"274\">Temperature measurement block STS, DLC sensors, tested (built-in).<\/td>\n<td width=\"312\">Accuracy (over 12 months): +\/- 0.002% rdg.<\/td>\n<\/tr>\n<tr>\n<td width=\"274\">STS-200 Reference Sensor Accuracy:<\/td>\n<td width=\"312\">+\/- 0.0012% 12-month return<\/td>\n<\/tr>\n<tr>\n<td width=\"274\">Sensor immersion depth in insert<\/td>\n<td width=\"312\">160mm<\/td>\n<\/tr>\n<tr>\n<td width=\"274\">\n<p>Integrated block measurement inputs<\/p>\n<p>&nbsp;<\/td>\n<td width=\"312\">RTD resistance thermometers (2,3,4 wires) and TC thermocouples all standard types, transmitters and thermostats.<\/td>\n<\/tr>\n<tr>\n<td width=\"274\">Display<\/td>\n<td width=\"312\">Full color<\/td>\n<\/tr>\n<tr>\n<td width=\"274\">Keyboard<\/td>\n<td width=\"312\">Integrated, intuitive, temperature setting and calibrator parameterization, work-list<\/td>\n<\/tr>\n<tr>\n<td width=\"274\">Power consumption:<\/td>\n<td width=\"312\">400-600W<\/td>\n<\/tr>\n<tr>\n<td width=\"274\">Calibrator table<\/td>\n<td width=\"312\">10.5 \u2013 12 kg<\/td>\n<\/tr>\n<\/tbody>\n<\/table>\n<p>&nbsp;<\/p>\n<table width=\"482\">\n<tbody>\n<tr>\n<td width=\"198\"><strong>AVAILABLE MODELS<\/strong><\/td>\n<td width=\"170\"><strong>MEASUREMENT BLOCK<\/strong><\/td>\n<td width=\"115\"><strong>TEMPERATURE RANGE<\/strong><\/td>\n<\/tr>\n<tr>\n<td width=\"198\">\n<p><strong>RTC-156<\/strong><\/p>\n<p>&nbsp;<\/td>\n<td width=\"170\">Dry block<\/td>\n<td width=\"115\">-30\u2026+155 \u00b0C<\/td>\n<\/tr>\n<tr>\n<td width=\"198\"><strong>RTC-157<\/strong><\/td>\n<td width=\"170\">Dry block<\/td>\n<td width=\"115\">&#8211; 45\u2026++155 \u00b0C<\/td>\n<\/tr>\n<tr>\n<td width=\"198\"><strong>RTC-158<\/strong><\/td>\n<td width=\"170\">Liquid Bath and Dry Block<\/td>\n<td width=\"115\">&#8211; 22\u2026+155 \u00b0C<\/td>\n<\/tr>\n<tr>\n<td width=\"198\"><strong>RTC-159-<\/strong>Ultra Cooler<\/td>\n<td width=\"170\">Dry block<\/td>\n<td width=\"115\">-100\u2026+155 \u00b0C<\/td>\n<\/tr>\n<tr>\n<td width=\"198\"><strong>RTC-168 &#8211;<\/strong>Sanitary sensors<\/td>\n<td width=\"170\">Dry Block and Liquid Bath<\/td>\n<td width=\"115\">-30\u2026+165 \u00b0C<\/td>\n<\/tr>\n<tr>\n<td width=\"198\"><strong>RTC-250<\/strong><\/td>\n<td width=\"170\">Liquid Bath and Dry Block<\/td>\n<td width=\"115\">+ 28\u2026+250 \u00b0C<\/td>\n<\/tr>\n<tr>\n<td width=\"198\"><strong>RTC-700<\/strong><\/td>\n<td width=\"170\">Dry block<\/td>\n<td width=\"115\">+ 33\u2026+700 \u00b0C<\/td>\n<\/tr>\n<\/tbody>\n<\/table>\n<p>[\/vc_column_text][\/vc_column][\/vc_row][vc_row][vc_column column_width_percent=&#8221;100&#8243; position_vertical=&#8221;middle&#8221; align_horizontal=&#8221;align_center&#8221; gutter_size=&#8221;3&#8243; overlay_alpha=&#8221;50&#8243; shift_x=&#8221;0&#8243; shift_y=&#8221;0&#8243; shift_y_down=&#8221;0&#8243; z_index=&#8221;0&#8243; medium_width=&#8221;0&#8243; mobile_width=&#8221;0&#8243; width=&#8221;1\/1&#8243; uncode_shortcode_id=&#8221;718293&#8243;][vc_button button_color=&#8221;color-731899&#8243; border_width=&#8221;0&#8243; link=&#8221;url:https%3A%2F%2Fwww.ametekcalibration.com%2Fproducts%2Ftemperature%2Ftemperature-calibrators%2Frtc-series-reference-temperature-calibrator|target:_blank&#8221; button_color_type=&#8221;uncode-palette&#8221; uncode_shortcode_id=&#8221;754560&#8243;]DATA SHEET[\/vc_button][\/vc_column][\/vc_row]<\/p>\n<\/div>","protected":false},"excerpt":{"rendered":"<p>The most advanced and accurate portable temperature calibrators on the market (Reference) are produced by AMETEK, with the widest temperature range available<\/p>\n<p>(-100\u2026+700 \u00b0C). One of its outstanding features is the patented DLC system for perfect temperature uniformity in the multihole insert \u2013 even when calibrating large sensors or multiple sensors simultaneously.<\/p>\n<p>-The calibrators are equipped with an external intelligent Reference Sensor, type STS, and an external Reference Sensor, type DLC (Dynamic load compensation).They are equipped with a Full Color display and an integrated keyboard for temperature setting and parameterization. They have the capability of automatic sensor calibration (step by step) in 20 calibration points, with local or remote control, by connecting to a PC.<\/p>\n<p>-With the JofraCal Ametek PC software application, Calibration Certificates can be automatically issued and databases can be created with records of all tested sensors.<\/p>\n<p>-The RTC series also features two- and three-zone active temperature control, which provides excellent axial temperature homogeneity in the insert.<\/p>\n<p>-Each RTC model includes the advanced simple user interface, which is available in English, German, Chinese and Japanese.<\/p>\n<p>ADVANTAGES:<\/p>\n<ul>\n<li>\u2022 Maximum overall accuracy, excellent metrological stability and exceptional reliability<br \/>\n\u2022 Time saving:fast cooling and heating times<br \/>\n\u2022 STS and DLC smart reference sensors \u201cPlug and Play\u201d.<br \/>\n\u2022 Easy-to-read color display with user-friendly navigation<br \/>\n\u2022 Lightweight and easy to transport and operate in the laboratory and in the field<br \/>\n\u2022 Multihole insert sets available<br \/>\n\u2022 JofraCal calibration software &#8211; free Ametek<br \/>\n\u2022 Inputs for calibrating resistance thermometers, thermocouples<br \/>\n\u2022 MVI circuit(Mains power Variance Immunity) ensures stability despite variations in supply voltage<\/li>\n<\/ul>\n","protected":false},"featured_media":83486,"template":"","meta":[],"product_brand":[],"product_cat":[90,146],"product_tag":[],"market":[261,262,113,115,114,116],"class_list":{"0":"post-85313","1":"product","2":"type-product","3":"status-publish","4":"has-post-thumbnail","6":"product_cat-calibration-instruments","7":"product_cat-temperature-calibrators","8":"market-industria-alimentara-en","9":"market-industria-farmaceutica-en","10":"market-oil-gas","11":"market-power-industry","12":"market-process-and-chemical-industry","13":"market-water-environment","15":"first","16":"instock","17":"shipping-taxable","18":"product-type-simple"},"yoast_head":"<!-- This site is optimized with the Yoast SEO plugin v27.4 - https:\/\/yoast.com\/product\/yoast-seo-wordpress\/ -->\n<title>Temperature Calibrators AMETEK RTC Series - Instrumentatie<\/title>\n<meta name=\"description\" content=\"CALIBRATOARE DE TEMPERATUR\u0102 AMETEK seria RTC sunt cele mai avansate \u0219i precise calibratoare portabile de temperatur\u0103 de pe pia\u0163\u0103, produse de Ametek.\" \/>\n<meta name=\"robots\" content=\"index, follow, max-snippet:-1, max-image-preview:large, max-video-preview:-1\" \/>\n<link rel=\"canonical\" href=\"https:\/\/instrumentatie.ro\/en\/product\/calibration-instruments\/temperature-calibrators\/calibratoare-de-temperatura-ametek-seria-rtc\/\" \/>\n<meta property=\"og:locale\" content=\"en_US\" \/>\n<meta property=\"og:type\" content=\"article\" \/>\n<meta property=\"og:title\" content=\"Temperature Calibrators AMETEK RTC Series - Instrumentatie\" \/>\n<meta property=\"og:description\" content=\"CALIBRATOARE DE TEMPERATUR\u0102 AMETEK seria RTC sunt cele mai avansate \u0219i precise calibratoare portabile de temperatur\u0103 de pe pia\u0163\u0103, produse de Ametek.\" \/>\n<meta property=\"og:url\" content=\"https:\/\/instrumentatie.ro\/en\/product\/calibration-instruments\/temperature-calibrators\/calibratoare-de-temperatura-ametek-seria-rtc\/\" \/>\n<meta property=\"og:site_name\" content=\"Instrumentatie\" \/>\n<meta property=\"article:publisher\" content=\"https:\/\/www.facebook.com\/instrumentatie.ro\" \/>\n<meta property=\"article:modified_time\" content=\"2025-08-12T14:39:19+00:00\" \/>\n<meta property=\"og:image\" content=\"https:\/\/instrumentatie.ro\/wp-content\/uploads\/2024\/06\/rtc-156-157-158-159-250-700.jpg\" \/>\n\t<meta property=\"og:image:width\" content=\"1000\" \/>\n\t<meta property=\"og:image:height\" content=\"548\" \/>\n\t<meta property=\"og:image:type\" content=\"image\/jpeg\" \/>\n<meta name=\"twitter:card\" content=\"summary_large_image\" \/>\n<meta name=\"twitter:label1\" content=\"Est. reading time\" \/>\n\t<meta name=\"twitter:data1\" content=\"2 minutes\" \/>\n<script type=\"application\/ld+json\" class=\"yoast-schema-graph\">{\"@context\":\"https:\\\/\\\/schema.org\",\"@graph\":[{\"@type\":\"WebPage\",\"@id\":\"https:\\\/\\\/instrumentatie.ro\\\/en\\\/product\\\/calibration-instruments\\\/temperature-calibrators\\\/calibratoare-de-temperatura-ametek-seria-rtc\\\/\",\"url\":\"https:\\\/\\\/instrumentatie.ro\\\/en\\\/product\\\/calibration-instruments\\\/temperature-calibrators\\\/calibratoare-de-temperatura-ametek-seria-rtc\\\/\",\"name\":\"Temperature Calibrators AMETEK RTC Series - Instrumentatie\",\"isPartOf\":{\"@id\":\"https:\\\/\\\/instrumentatie.ro\\\/#website\"},\"primaryImageOfPage\":{\"@id\":\"https:\\\/\\\/instrumentatie.ro\\\/en\\\/product\\\/calibration-instruments\\\/temperature-calibrators\\\/calibratoare-de-temperatura-ametek-seria-rtc\\\/#primaryimage\"},\"image\":{\"@id\":\"https:\\\/\\\/instrumentatie.ro\\\/en\\\/product\\\/calibration-instruments\\\/temperature-calibrators\\\/calibratoare-de-temperatura-ametek-seria-rtc\\\/#primaryimage\"},\"thumbnailUrl\":\"https:\\\/\\\/instrumentatie.ro\\\/wp-content\\\/uploads\\\/2024\\\/06\\\/rtc-156-157-158-159-250-700.jpg\",\"datePublished\":\"2024-06-14T08:58:47+00:00\",\"dateModified\":\"2025-08-12T14:39:19+00:00\",\"description\":\"CALIBRATOARE DE TEMPERATUR\u0102 AMETEK seria RTC sunt cele mai avansate \u0219i precise calibratoare portabile de temperatur\u0103 de pe pia\u0163\u0103, produse de Ametek.\",\"breadcrumb\":{\"@id\":\"https:\\\/\\\/instrumentatie.ro\\\/en\\\/product\\\/calibration-instruments\\\/temperature-calibrators\\\/calibratoare-de-temperatura-ametek-seria-rtc\\\/#breadcrumb\"},\"inLanguage\":\"en-US\",\"potentialAction\":[{\"@type\":\"ReadAction\",\"target\":[\"https:\\\/\\\/instrumentatie.ro\\\/en\\\/product\\\/calibration-instruments\\\/temperature-calibrators\\\/calibratoare-de-temperatura-ametek-seria-rtc\\\/\"]}]},{\"@type\":\"ImageObject\",\"inLanguage\":\"en-US\",\"@id\":\"https:\\\/\\\/instrumentatie.ro\\\/en\\\/product\\\/calibration-instruments\\\/temperature-calibrators\\\/calibratoare-de-temperatura-ametek-seria-rtc\\\/#primaryimage\",\"url\":\"https:\\\/\\\/instrumentatie.ro\\\/wp-content\\\/uploads\\\/2024\\\/06\\\/rtc-156-157-158-159-250-700.jpg\",\"contentUrl\":\"https:\\\/\\\/instrumentatie.ro\\\/wp-content\\\/uploads\\\/2024\\\/06\\\/rtc-156-157-158-159-250-700.jpg\",\"width\":1000,\"height\":548,\"caption\":\"CALIBRATOARE DE TEMPERATUR\u0102 AMETEK SERIA RTC\"},{\"@type\":\"BreadcrumbList\",\"@id\":\"https:\\\/\\\/instrumentatie.ro\\\/en\\\/product\\\/calibration-instruments\\\/temperature-calibrators\\\/calibratoare-de-temperatura-ametek-seria-rtc\\\/#breadcrumb\",\"itemListElement\":[{\"@type\":\"ListItem\",\"position\":1,\"name\":\"Home\",\"item\":\"https:\\\/\\\/instrumentatie.ro\\\/en\\\/\"},{\"@type\":\"ListItem\",\"position\":2,\"name\":\"Products\",\"item\":\"https:\\\/\\\/instrumentatie.ro\\\/en\\\/products\\\/\"},{\"@type\":\"ListItem\",\"position\":3,\"name\":\"Temperature Calibrators AMETEK RTC Series\"}]},{\"@type\":\"WebSite\",\"@id\":\"https:\\\/\\\/instrumentatie.ro\\\/#website\",\"url\":\"https:\\\/\\\/instrumentatie.ro\\\/\",\"name\":\"Instrumentatie\",\"description\":\"\",\"publisher\":{\"@id\":\"https:\\\/\\\/instrumentatie.ro\\\/#organization\"},\"potentialAction\":[{\"@type\":\"SearchAction\",\"target\":{\"@type\":\"EntryPoint\",\"urlTemplate\":\"https:\\\/\\\/instrumentatie.ro\\\/?s={search_term_string}\"},\"query-input\":{\"@type\":\"PropertyValueSpecification\",\"valueRequired\":true,\"valueName\":\"search_term_string\"}}],\"inLanguage\":\"en-US\"},{\"@type\":\"Organization\",\"@id\":\"https:\\\/\\\/instrumentatie.ro\\\/#organization\",\"name\":\"RO INSTRUMART SRL\",\"alternateName\":\"Instrumentatie.ro\",\"url\":\"https:\\\/\\\/instrumentatie.ro\\\/\",\"logo\":{\"@type\":\"ImageObject\",\"inLanguage\":\"en-US\",\"@id\":\"https:\\\/\\\/instrumentatie.ro\\\/#\\\/schema\\\/logo\\\/image\\\/\",\"url\":\"https:\\\/\\\/instrumentatie.ro\\\/wp-content\\\/uploads\\\/2019\\\/05\\\/logo-footer.png\",\"contentUrl\":\"https:\\\/\\\/instrumentatie.ro\\\/wp-content\\\/uploads\\\/2019\\\/05\\\/logo-footer.png\",\"width\":500,\"height\":250,\"caption\":\"RO INSTRUMART SRL\"},\"image\":{\"@id\":\"https:\\\/\\\/instrumentatie.ro\\\/#\\\/schema\\\/logo\\\/image\\\/\"},\"sameAs\":[\"https:\\\/\\\/www.facebook.com\\\/instrumentatie.ro\",\"https:\\\/\\\/www.linkedin.com\\\/company\\\/27232275\"]}]}<\/script>\n<!-- \/ Yoast SEO plugin. -->","yoast_head_json":{"title":"Temperature Calibrators AMETEK RTC Series - Instrumentatie","description":"CALIBRATOARE DE TEMPERATUR\u0102 AMETEK seria RTC sunt cele mai avansate \u0219i precise calibratoare portabile de temperatur\u0103 de pe pia\u0163\u0103, produse de Ametek.","robots":{"index":"index","follow":"follow","max-snippet":"max-snippet:-1","max-image-preview":"max-image-preview:large","max-video-preview":"max-video-preview:-1"},"canonical":"https:\/\/instrumentatie.ro\/en\/product\/calibration-instruments\/temperature-calibrators\/calibratoare-de-temperatura-ametek-seria-rtc\/","og_locale":"en_US","og_type":"article","og_title":"Temperature Calibrators AMETEK RTC Series - Instrumentatie","og_description":"CALIBRATOARE DE TEMPERATUR\u0102 AMETEK seria RTC sunt cele mai avansate \u0219i precise calibratoare portabile de temperatur\u0103 de pe pia\u0163\u0103, produse de Ametek.","og_url":"https:\/\/instrumentatie.ro\/en\/product\/calibration-instruments\/temperature-calibrators\/calibratoare-de-temperatura-ametek-seria-rtc\/","og_site_name":"Instrumentatie","article_publisher":"https:\/\/www.facebook.com\/instrumentatie.ro","article_modified_time":"2025-08-12T14:39:19+00:00","og_image":[{"width":1000,"height":548,"url":"https:\/\/instrumentatie.ro\/wp-content\/uploads\/2024\/06\/rtc-156-157-158-159-250-700.jpg","type":"image\/jpeg"}],"twitter_card":"summary_large_image","twitter_misc":{"Est. reading time":"2 minutes"},"schema":{"@context":"https:\/\/schema.org","@graph":[{"@type":"WebPage","@id":"https:\/\/instrumentatie.ro\/en\/product\/calibration-instruments\/temperature-calibrators\/calibratoare-de-temperatura-ametek-seria-rtc\/","url":"https:\/\/instrumentatie.ro\/en\/product\/calibration-instruments\/temperature-calibrators\/calibratoare-de-temperatura-ametek-seria-rtc\/","name":"Temperature Calibrators AMETEK RTC Series - Instrumentatie","isPartOf":{"@id":"https:\/\/instrumentatie.ro\/#website"},"primaryImageOfPage":{"@id":"https:\/\/instrumentatie.ro\/en\/product\/calibration-instruments\/temperature-calibrators\/calibratoare-de-temperatura-ametek-seria-rtc\/#primaryimage"},"image":{"@id":"https:\/\/instrumentatie.ro\/en\/product\/calibration-instruments\/temperature-calibrators\/calibratoare-de-temperatura-ametek-seria-rtc\/#primaryimage"},"thumbnailUrl":"https:\/\/instrumentatie.ro\/wp-content\/uploads\/2024\/06\/rtc-156-157-158-159-250-700.jpg","datePublished":"2024-06-14T08:58:47+00:00","dateModified":"2025-08-12T14:39:19+00:00","description":"CALIBRATOARE DE TEMPERATUR\u0102 AMETEK seria RTC sunt cele mai avansate \u0219i precise calibratoare portabile de temperatur\u0103 de pe pia\u0163\u0103, produse de Ametek.","breadcrumb":{"@id":"https:\/\/instrumentatie.ro\/en\/product\/calibration-instruments\/temperature-calibrators\/calibratoare-de-temperatura-ametek-seria-rtc\/#breadcrumb"},"inLanguage":"en-US","potentialAction":[{"@type":"ReadAction","target":["https:\/\/instrumentatie.ro\/en\/product\/calibration-instruments\/temperature-calibrators\/calibratoare-de-temperatura-ametek-seria-rtc\/"]}]},{"@type":"ImageObject","inLanguage":"en-US","@id":"https:\/\/instrumentatie.ro\/en\/product\/calibration-instruments\/temperature-calibrators\/calibratoare-de-temperatura-ametek-seria-rtc\/#primaryimage","url":"https:\/\/instrumentatie.ro\/wp-content\/uploads\/2024\/06\/rtc-156-157-158-159-250-700.jpg","contentUrl":"https:\/\/instrumentatie.ro\/wp-content\/uploads\/2024\/06\/rtc-156-157-158-159-250-700.jpg","width":1000,"height":548,"caption":"CALIBRATOARE DE TEMPERATUR\u0102 AMETEK SERIA RTC"},{"@type":"BreadcrumbList","@id":"https:\/\/instrumentatie.ro\/en\/product\/calibration-instruments\/temperature-calibrators\/calibratoare-de-temperatura-ametek-seria-rtc\/#breadcrumb","itemListElement":[{"@type":"ListItem","position":1,"name":"Home","item":"https:\/\/instrumentatie.ro\/en\/"},{"@type":"ListItem","position":2,"name":"Products","item":"https:\/\/instrumentatie.ro\/en\/products\/"},{"@type":"ListItem","position":3,"name":"Temperature Calibrators AMETEK RTC Series"}]},{"@type":"WebSite","@id":"https:\/\/instrumentatie.ro\/#website","url":"https:\/\/instrumentatie.ro\/","name":"Instrumentatie","description":"","publisher":{"@id":"https:\/\/instrumentatie.ro\/#organization"},"potentialAction":[{"@type":"SearchAction","target":{"@type":"EntryPoint","urlTemplate":"https:\/\/instrumentatie.ro\/?s={search_term_string}"},"query-input":{"@type":"PropertyValueSpecification","valueRequired":true,"valueName":"search_term_string"}}],"inLanguage":"en-US"},{"@type":"Organization","@id":"https:\/\/instrumentatie.ro\/#organization","name":"RO INSTRUMART SRL","alternateName":"Instrumentatie.ro","url":"https:\/\/instrumentatie.ro\/","logo":{"@type":"ImageObject","inLanguage":"en-US","@id":"https:\/\/instrumentatie.ro\/#\/schema\/logo\/image\/","url":"https:\/\/instrumentatie.ro\/wp-content\/uploads\/2019\/05\/logo-footer.png","contentUrl":"https:\/\/instrumentatie.ro\/wp-content\/uploads\/2019\/05\/logo-footer.png","width":500,"height":250,"caption":"RO INSTRUMART SRL"},"image":{"@id":"https:\/\/instrumentatie.ro\/#\/schema\/logo\/image\/"},"sameAs":["https:\/\/www.facebook.com\/instrumentatie.ro","https:\/\/www.linkedin.com\/company\/27232275"]}]}},"_links":{"self":[{"href":"https:\/\/instrumentatie.ro\/en\/wp-json\/wp\/v2\/product\/85313","targetHints":{"allow":["GET"]}}],"collection":[{"href":"https:\/\/instrumentatie.ro\/en\/wp-json\/wp\/v2\/product"}],"about":[{"href":"https:\/\/instrumentatie.ro\/en\/wp-json\/wp\/v2\/types\/product"}],"wp:featuredmedia":[{"embeddable":true,"href":"https:\/\/instrumentatie.ro\/en\/wp-json\/wp\/v2\/media\/83486"}],"wp:attachment":[{"href":"https:\/\/instrumentatie.ro\/en\/wp-json\/wp\/v2\/media?parent=85313"}],"wp:term":[{"taxonomy":"product_brand","embeddable":true,"href":"https:\/\/instrumentatie.ro\/en\/wp-json\/wp\/v2\/product_brand?post=85313"},{"taxonomy":"product_cat","embeddable":true,"href":"https:\/\/instrumentatie.ro\/en\/wp-json\/wp\/v2\/product_cat?post=85313"},{"taxonomy":"product_tag","embeddable":true,"href":"https:\/\/instrumentatie.ro\/en\/wp-json\/wp\/v2\/product_tag?post=85313"},{"taxonomy":"market","embeddable":true,"href":"https:\/\/instrumentatie.ro\/en\/wp-json\/wp\/v2\/market?post=85313"}],"curies":[{"name":"wp","href":"https:\/\/api.w.org\/{rel}","templated":true}]}}